{"id":111,"date":"2021-04-22T03:06:13","date_gmt":"2021-04-22T03:06:13","guid":{"rendered":"http:\/\/proinvestors.vn\/?page_id=111"},"modified":"2021-04-22T15:58:13","modified_gmt":"2021-04-22T15:58:13","slug":"huong-dan-mo-tai-khoan-vps-online","status":"publish","type":"page","link":"https:\/\/proinvestors.vn\/index.php\/huong-dan-mo-tai-khoan-vps-online\/","title":{"rendered":"H\u01af\u1edaNG D\u1eaaN M\u1ede T\u00c0I KHO\u1ea2N VPS ONLINE"},"content":{"rendered":"\n<p><font style=\"vertical-align: inherit;\"><font style=\"vertical-align: inherit;\">Ch\u00e0o m\u1eebng b\u1ea1n \u0111\u1ebfn v\u1edbi t\u01b0 v\u1ea5n, h\u1ed7 tr\u1ee3 m\u1edf ch\u1ee9ng kho\u00e1n t\u00e0i kho\u1ea3n tr\u1ef1c tuy\u1ebfn t\u1ea1i C\u00f4ng ty Ch\u1ee9ng kho\u00e1n VPS<\/font><\/font>.<\/p>\n\n\n\n<p><strong>M\u1ed9t s\u1ed1 \u01b0u \u0111i\u1ec3m khi m\u1edf t\u00e0i kho\u1ea3n ch\u1ee9ng kho\u00e1n VPS:<\/strong><\/p>\n\n\n\n<ul><li><font style=\"vertical-align: inherit;\"><font style=\"vertical-align: inherit;\">M\u1edf t\u00e0i kho\u1ea3n online, kh\u00f4ng c\u1ea7n qua v\u0103n ph\u00f2ng VPS<\/font><\/font><\/li><li><font style=\"vertical-align: inherit;\"><font style=\"vertical-align: inherit;\">Mi\u1ec5n ph\u00ed m\u1edf t\u00e0i kho\u1ea3n ch\u1ee9ng kho\u00e1n<\/font><\/font><\/li><li><font style=\"vertical-align: inherit;\"><font style=\"vertical-align: inherit;\">Ph\u00ed giao d\u1ecbch ch\u1ee9ng kho\u00e1n c\u01a1 s\u1edf c\u1ef1c th\u1ea5p, ch\u1ec9 t\u1eeb 0.15%<\/font><\/font><\/li><li><font style=\"vertical-align: inherit;\"><font style=\"vertical-align: inherit;\">H\u1ea1n m\u1ee9c vay margin cao, t\u1ef7 l\u1ec7 k\u00fd qu\u1ef9 t\u1ed1i thi\u1ec3u 30%, l\u00e3i su\u1ea5t ch\u1ec9 t\u1eeb 6.8%<\/font><\/font><\/li><li><font style=\"vertical-align: inherit;\"><font style=\"vertical-align: inherit;\">Ph\u00ed giao d\u1ecbch ph\u00e1i sinh c\u1ef1c th\u1ea5p, kh\u00e1ch h\u00e0ng \u0111\u01b0\u1ee3c s\u1eed d\u1ee5ng d\u1ecbch v\u1ee5 H\u1ee3p t\u00e1c \u0111\u1ea7u t\u01b0 ph\u00e1i sinh v\u1edbi \u0111\u00f2n b\u1ea9y r\u1ea5t cao.<\/font><\/font><\/li><\/ul>\n\n\n\n<p><br><font style=\"vertical-align: inherit;\"><font style=\"vertical-align: inherit;\">\u0110\u1ec3 m\u1edf VPS ch\u1ee9ng kho\u00e1n t\u00e0i kho\u1ea3n, ch\u00fang ta c\u1ea7n th\u1ef1c hi\u1ec7n c\u00e1c b\u01b0\u1edbc:<\/font><\/font><\/p>\n\n\n\n<ol><li><strong>\u0110\u0103ng k\u00fd th\u00f4ng tin m\u1edf t\u00e0i kho\u1ea3n ch\u1ee9ng kho\u00e1n VPS<\/strong><\/li><li><strong>\u0110\u0103ng nh\u1eadp t\u00e0i kho\u1ea3n ch\u1ee9ng kho\u00e1n VPS<\/strong><\/li><li><strong>X\u00e1c th\u1ef1c t\u00e0i kho\u1ea3n ch\u1ee9ng kho\u00e1n VPS<\/strong><\/li><\/ol>\n\n\n\n<h2>B\u01b0\u1edbc 1: \u0110\u0103ng k\u00fd th\u00f4ng tin m\u1edf t\u00e0i kho\u1ea3n ch\u1ee9ng kho\u00e1n VPS<\/h2>\n\n\n\n<p>\u0110\u1ec3 \u0111\u0103ng k\u00fd t\u00e0i kho\u1ea3n ch\u1ee9ng kho\u00e1n VPS, vui l\u00f2ng click v\u00e0o \u201c\u0110\u0103ng k\u00fd ngay\u201d d\u01b0\u1edbi \u0111\u00e2y:<\/p>\n\n\n\n<div id=\"openaccount.vps.com.vn\/?MKTID=7575\" class=\"wp-block-image\"><figure class=\"aligncenter size-large is-resized\"><a href=\"https:\/\/openaccount.vps.com.vn\/?MKTID=7575\"><img loading=\"lazy\" src=\"http:\/\/proinvestors.vn\/wp-content\/uploads\/2021\/04\/dang-ky-ngay-1024x408.jpg\" alt=\"\" class=\"wp-image-116\" width=\"271\" height=\"108\" srcset=\"https:\/\/proinvestors.vn\/wp-content\/uploads\/2021\/04\/dang-ky-ngay-1024x408.jpg 1024w, https:\/\/proinvestors.vn\/wp-content\/uploads\/2021\/04\/dang-ky-ngay-300x120.jpg 300w, https:\/\/proinvestors.vn\/wp-content\/uploads\/2021\/04\/dang-ky-ngay-768x306.jpg 768w, https:\/\/proinvestors.vn\/wp-content\/uploads\/2021\/04\/dang-ky-ngay.jpg 1500w\" sizes=\"(max-width: 271px) 100vw, 271px\" \/><\/a><\/figure><\/div>\n\n\n\n<p>Sau khi \u0111\u0103ng k\u00fd xong, h\u1ec7 th\u1ed1ng s\u1ebd g\u1eedi v\u1ec1 c\u00e1c th\u00f4ng tin t\u00e0i kho\u1ea3n ch\u1ee9ng kho\u00e1n VPS c\u1ee7a b\u1ea1n v\u1ec1 qua h\u00ecnh th\u1ee9c sms v\u00e0 email \u0111\u0103ng k\u00fd:<\/p>\n\n\n\n<div class=\"wp-block-image\"><figure class=\"aligncenter size-large is-resized\"><img loading=\"lazy\" src=\"http:\/\/proinvestors.vn\/wp-content\/uploads\/2021\/04\/Tai-khoan-VPS-12032021-0-785x1024.jpg\" alt=\"\" class=\"wp-image-121\" width=\"510\" height=\"665\" srcset=\"https:\/\/proinvestors.vn\/wp-content\/uploads\/2021\/04\/Tai-khoan-VPS-12032021-0-785x1024.jpg 785w, https:\/\/proinvestors.vn\/wp-content\/uploads\/2021\/04\/Tai-khoan-VPS-12032021-0-230x300.jpg 230w, https:\/\/proinvestors.vn\/wp-content\/uploads\/2021\/04\/Tai-khoan-VPS-12032021-0-768x1002.jpg 768w, https:\/\/proinvestors.vn\/wp-content\/uploads\/2021\/04\/Tai-khoan-VPS-12032021-0.jpg 867w\" sizes=\"(max-width: 510px) 100vw, 510px\" \/><\/figure><\/div>\n\n\n\n<div class=\"wp-block-image\"><figure class=\"aligncenter size-large is-resized\"><img loading=\"lazy\" src=\"http:\/\/proinvestors.vn\/wp-content\/uploads\/2021\/04\/Tai-khoan-VPS-12032021-1-714x1024.jpg\" alt=\"\" class=\"wp-image-122\" width=\"509\" height=\"730\" srcset=\"https:\/\/proinvestors.vn\/wp-content\/uploads\/2021\/04\/Tai-khoan-VPS-12032021-1-714x1024.jpg 714w, https:\/\/proinvestors.vn\/wp-content\/uploads\/2021\/04\/Tai-khoan-VPS-12032021-1-209x300.jpg 209w, https:\/\/proinvestors.vn\/wp-content\/uploads\/2021\/04\/Tai-khoan-VPS-12032021-1-768x1101.jpg 768w, https:\/\/proinvestors.vn\/wp-content\/uploads\/2021\/04\/Tai-khoan-VPS-12032021-1.jpg 867w\" sizes=\"(max-width: 509px) 100vw, 509px\" \/><\/figure><\/div>\n\n\n\n<div class=\"wp-block-image\"><figure class=\"aligncenter size-large\"><img loading=\"lazy\" width=\"845\" height=\"780\" src=\"http:\/\/proinvestors.vn\/wp-content\/uploads\/2021\/04\/Thong-tin-tai-khoan-VPS-14032021.jpg\" alt=\"\" class=\"wp-image-124\" srcset=\"https:\/\/proinvestors.vn\/wp-content\/uploads\/2021\/04\/Thong-tin-tai-khoan-VPS-14032021.jpg 845w, https:\/\/proinvestors.vn\/wp-content\/uploads\/2021\/04\/Thong-tin-tai-khoan-VPS-14032021-300x277.jpg 300w, https:\/\/proinvestors.vn\/wp-content\/uploads\/2021\/04\/Thong-tin-tai-khoan-VPS-14032021-768x709.jpg 768w\" sizes=\"(max-width: 845px) 100vw, 845px\" \/><\/figure><\/div>\n\n\n\n<p>C\u00e1c th\u00f4ng tin b\u1ea1n c\u1ea7n l\u01b0u \u00fd trong v\u00ed d\u1ee5 n\u00e0y:<\/p>\n\n\n\n<ul><li><strong>S\u1ed1 t\u00e0i kho\u1ea3n:<\/strong>&nbsp;005C290519<\/li><li><strong>T\u00ean \u0111\u0103ng nh\u1eadp (ch\u00ednh l\u00e0 6 s\u1ed1 sau \u0111\u1ea7u \u201c005C\u201d):<\/strong>&nbsp;290519<\/li><li><strong>M\u1eadt kh\u1ea9u \u0111\u0103ng nh\u1eadp:<\/strong>&nbsp;kvFW@q86<\/li><li><strong>M\u1eadt kh\u1ea9u \u0111\u1eb7t l\u1ec7nh (M\u00e3 Pin):<\/strong>&nbsp;05az2i<\/li><\/ul>\n\n\n\n<p>(L\u01b0u \u00fd: N\u1ebfu kh\u00f4ng nh\u1eadn \u0111\u01b0\u1ee3c \u0111\u1ea7y \u0111\u1ee7 th\u00f4ng tin bao g\u1ed3m: T\u00ean \u0111\u0103ng nh\u1eadp, m\u1eadt kh\u1ea9u v\u00e0 m\u00e3 pin, b\u1ea1n h\u00e3y g\u1ecdi theo hotline: TH\u0102NG LONG \u2013 s\u0111t:0888880569 \u0111\u1ec3 ch\u00fang t\u00f4i ki\u1ec3m tra v\u00e0 h\u1ed7 tr\u1ee3 b\u1ea1n)<\/p>\n\n\n\n<h2>B\u01b0\u1edbc 2: \u0110\u0103ng nh\u1eadp t\u00e0i kho\u1ea3n ch\u1ee9ng kho\u00e1n VPS<\/h2>\n\n\n\n<p>\u0110\u1ec3 \u0111\u0103ng nh\u1eadp t\u00e0i kho\u1ea3n ch\u1ee9ng kho\u00e1n VPS, b\u1ea1n vui l\u00f2ng t\u1ea3i app \u201cVPS SmartOne\u201d t\u1eeb CHPlay (H\u1ec7 \u0111i\u1ec1u h\u00e0nh Adroid) ho\u1eb7c AppStore (H\u1ec7 \u0111i\u1ec1u h\u00e0nh IOS):<\/p>\n\n\n\n<div class=\"wp-block-image\"><figure class=\"aligncenter size-large\"><img loading=\"lazy\" width=\"849\" height=\"1024\" src=\"http:\/\/proinvestors.vn\/wp-content\/uploads\/2021\/04\/VPS-Smartone-12032021-1-849x1024.jpg\" alt=\"\" class=\"wp-image-125\" srcset=\"https:\/\/proinvestors.vn\/wp-content\/uploads\/2021\/04\/VPS-Smartone-12032021-1-849x1024.jpg 849w, https:\/\/proinvestors.vn\/wp-content\/uploads\/2021\/04\/VPS-Smartone-12032021-1-249x300.jpg 249w, https:\/\/proinvestors.vn\/wp-content\/uploads\/2021\/04\/VPS-Smartone-12032021-1-768x926.jpg 768w, https:\/\/proinvestors.vn\/wp-content\/uploads\/2021\/04\/VPS-Smartone-12032021-1.jpg 1079w\" sizes=\"(max-width: 849px) 100vw, 849px\" \/><\/figure><\/div>\n\n\n\n<p>T\u1ea3i xong, b\u1ea1n m\u1edf app ra \u0111\u1ec3 \u0111\u0103ng nh\u1eadp, giao di\u1ec7n m\u00e0n h\u00ecnh nh\u01b0 h\u00ecnh ph\u00eda d\u01b0\u1edbi:<\/p>\n\n\n\n<div class=\"wp-block-image\"><figure class=\"aligncenter size-large is-resized\"><img loading=\"lazy\" src=\"http:\/\/proinvestors.vn\/wp-content\/uploads\/2021\/04\/SmartOne-VPS-giao-dien-12032021-2-695x1024.jpg\" alt=\"\" class=\"wp-image-127\" width=\"484\" height=\"713\" srcset=\"https:\/\/proinvestors.vn\/wp-content\/uploads\/2021\/04\/SmartOne-VPS-giao-dien-12032021-2-695x1024.jpg 695w, https:\/\/proinvestors.vn\/wp-content\/uploads\/2021\/04\/SmartOne-VPS-giao-dien-12032021-2-204x300.jpg 204w, https:\/\/proinvestors.vn\/wp-content\/uploads\/2021\/04\/SmartOne-VPS-giao-dien-12032021-2-768x1131.jpg 768w, https:\/\/proinvestors.vn\/wp-content\/uploads\/2021\/04\/SmartOne-VPS-giao-dien-12032021-2-1043x1536.jpg 1043w, https:\/\/proinvestors.vn\/wp-content\/uploads\/2021\/04\/SmartOne-VPS-giao-dien-12032021-2.jpg 1079w\" sizes=\"(max-width: 484px) 100vw, 484px\" \/><\/figure><\/div>\n\n\n\n<p>B\u1ea1n nh\u1eadp c\u00e1c th\u00f4ng tin c\u00e1 nh\u00e2n, bao g\u1ed3m: T\u00ean \u0111\u0103ng nh\u1eadp v\u00e0 m\u1eadt kh\u1ea9u r\u1ed3i ch\u1ecdn \u201c\u0110\u0103ng nh\u1eadp\u201d.<\/p>\n\n\n\n<p>L\u00fac n\u00e0y, h\u1ec7 th\u1ed1ng hi\u1ec7n ra c\u00e1c th\u00f4ng tin c\u00e1 nh\u00e2n, b\u1ea1n nh\u1eadp m\u00e3 pin v\u00e0 m\u00e3 otp g\u1eedi v\u1ec1 \u0111i\u1ec7n tho\u1ea1i \u0111\u1ec3 x\u00e1c nh\u1eadn.&nbsp;<\/p>\n\n\n\n<h2>B\u01b0\u1edbc 3: X\u00e1c th\u1ef1c t\u00e0i kho\u1ea3n ch\u1ee9ng kho\u00e1n VPS<\/h2>\n\n\n\n<p>Tr\u01b0\u1edbc \u0111\u00e2y, khi m\u1edf t\u00e0i kho\u1ea3n ch\u1ee9ng kho\u00e1n t\u1ea1i VPS, b\u1ea1n ph\u1ea3i chuy\u1ec3n h\u1ed3 s\u01a1 h\u1ee3p \u0111\u1ed3ng v\u1ec1 c\u00f4ng ty ho\u1eb7c ra tr\u1ef1c ti\u1ebfp v\u0103n ph\u00f2ng c\u1ee7a VPS \u0111\u1ec3 k\u00edch ho\u1ea1t t\u00e0i kho\u1ea3n. Nh\u01b0ng hi\u1ec7n nay, v\u1edbi hi\u1ec7n \u00e1p d\u1ee5ng h\u00ecnh th\u1ee9c x\u00e1c th\u1ef1c tr\u1ef1c truy\u1ebfn eKYC, b\u1ea1n c\u00f3 th\u1ec3 l\u00e0m tr\u1ef1c ti\u1ebfp tr\u00ean app VPS SmartOne m\u00e0 kh\u00f4ng c\u1ea7n ph\u1ea3i th\u1ef1c hi\u1ec7n b\u1ea5t k\u1ef3 th\u1ee7 t\u1ee5c n\u00e0o kh\u00e1c.<\/p>\n\n\n\n<p>\u0110\u1ec3 x\u00e1c th\u1ef1c t\u00e0i kho\u1ea3n tr\u1ef1c tuy\u1ebfn eKYC, tr\u00ean giao di\u1ec7n ch\u00ednh, b\u1ea1n ch\u1ecdn Menu (Khung g\u00f3c tr\u00e1i \u2013 b\u00f4i v\u00e0ng):<\/p>\n\n\n\n<div class=\"wp-block-image\"><figure class=\"aligncenter size-large\"><img loading=\"lazy\" width=\"461\" height=\"1024\" src=\"http:\/\/proinvestors.vn\/wp-content\/uploads\/2021\/04\/Man-hinh-chinh-VPS-140320211-461x1024.jpg\" alt=\"\" class=\"wp-image-126\" srcset=\"https:\/\/proinvestors.vn\/wp-content\/uploads\/2021\/04\/Man-hinh-chinh-VPS-140320211-461x1024.jpg 461w, https:\/\/proinvestors.vn\/wp-content\/uploads\/2021\/04\/Man-hinh-chinh-VPS-140320211-135x300.jpg 135w, https:\/\/proinvestors.vn\/wp-content\/uploads\/2021\/04\/Man-hinh-chinh-VPS-140320211-768x1707.jpg 768w, https:\/\/proinvestors.vn\/wp-content\/uploads\/2021\/04\/Man-hinh-chinh-VPS-140320211-691x1536.jpg 691w, https:\/\/proinvestors.vn\/wp-content\/uploads\/2021\/04\/Man-hinh-chinh-VPS-140320211-922x2048.jpg 922w, https:\/\/proinvestors.vn\/wp-content\/uploads\/2021\/04\/Man-hinh-chinh-VPS-140320211.jpg 1080w\" sizes=\"(max-width: 461px) 100vw, 461px\" \/><\/figure><\/div>\n\n\n\n<p>Ti\u1ebfp t\u1ee5c ch\u1ecdn m\u1ee5c \u201cTh\u00f4ng tin c\u00e1 nh\u00e2n\u201d:&nbsp;&nbsp;<\/p>\n\n\n\n<div class=\"wp-block-image\"><figure class=\"aligncenter size-large\"><img loading=\"lazy\" width=\"461\" height=\"1024\" src=\"http:\/\/proinvestors.vn\/wp-content\/uploads\/2021\/04\/Thong-tin-ca-nhan-VPS-14032021-461x1024.jpg\" alt=\"\" class=\"wp-image-128\" srcset=\"https:\/\/proinvestors.vn\/wp-content\/uploads\/2021\/04\/Thong-tin-ca-nhan-VPS-14032021-461x1024.jpg 461w, https:\/\/proinvestors.vn\/wp-content\/uploads\/2021\/04\/Thong-tin-ca-nhan-VPS-14032021-135x300.jpg 135w, https:\/\/proinvestors.vn\/wp-content\/uploads\/2021\/04\/Thong-tin-ca-nhan-VPS-14032021-768x1707.jpg 768w, https:\/\/proinvestors.vn\/wp-content\/uploads\/2021\/04\/Thong-tin-ca-nhan-VPS-14032021-691x1536.jpg 691w, https:\/\/proinvestors.vn\/wp-content\/uploads\/2021\/04\/Thong-tin-ca-nhan-VPS-14032021-922x2048.jpg 922w, https:\/\/proinvestors.vn\/wp-content\/uploads\/2021\/04\/Thong-tin-ca-nhan-VPS-14032021.jpg 1080w\" sizes=\"(max-width: 461px) 100vw, 461px\" \/><\/figure><\/div>\n\n\n\n<p>Ch\u1ecdn \u201cTr\u1ef1c tuy\u1ebfn (eKYC)\u201d \u0111\u1ec3 x\u00e1c th\u1ef1c t\u00e0i kho\u1ea3n c\u1ee7a m\u00ecnh:<\/p>\n\n\n\n<div class=\"wp-block-image\"><figure class=\"aligncenter size-large\"><img loading=\"lazy\" width=\"461\" height=\"1024\" src=\"http:\/\/proinvestors.vn\/wp-content\/uploads\/2021\/04\/Xac-nhan-eKYC-VPS-14032021-461x1024.jpg\" alt=\"\" class=\"wp-image-129\" srcset=\"https:\/\/proinvestors.vn\/wp-content\/uploads\/2021\/04\/Xac-nhan-eKYC-VPS-14032021-461x1024.jpg 461w, https:\/\/proinvestors.vn\/wp-content\/uploads\/2021\/04\/Xac-nhan-eKYC-VPS-14032021-135x300.jpg 135w, https:\/\/proinvestors.vn\/wp-content\/uploads\/2021\/04\/Xac-nhan-eKYC-VPS-14032021-768x1707.jpg 768w, https:\/\/proinvestors.vn\/wp-content\/uploads\/2021\/04\/Xac-nhan-eKYC-VPS-14032021-691x1536.jpg 691w, https:\/\/proinvestors.vn\/wp-content\/uploads\/2021\/04\/Xac-nhan-eKYC-VPS-14032021-922x2048.jpg 922w, https:\/\/proinvestors.vn\/wp-content\/uploads\/2021\/04\/Xac-nhan-eKYC-VPS-14032021.jpg 1080w\" sizes=\"(max-width: 461px) 100vw, 461px\" \/><\/figure><\/div>\n\n\n\n<p>H\u1ec7 th\u1ed1ng s\u1ebd y\u00eau c\u1ea7u b\u1ea1n ch\u1ee5p \u1ea3nh 2 m\u1eb7t CMND, nh\u1eadn di\u1ec7n khu\u00f4n m\u1eb7t v\u00e0 \u0111\u0103ng k\u00fd m\u1eabu ch\u1eef k\u00fd qua App.<\/p>\n\n\n\n<p>Nh\u01b0 v\u1eady l\u00e0 b\u1ea1n \u0111\u00e3 ho\u00e0n th\u00e0nh c\u00e1c b\u01b0\u1edbc m\u1edf t\u00e0i kho\u1ea3n ch\u1ee9ng kho\u00e1n VPS c\u1ee7a m\u00ecnh.<\/p>\n","protected":false},"excerpt":{"rendered":"<p>Ch\u00e0o m\u1eebng b\u1ea1n \u0111\u1ebfn v\u1edbi t\u01b0 v\u1ea5n, h\u1ed7 tr\u1ee3 m\u1edf ch\u1ee9ng kho\u00e1n t\u00e0i kho\u1ea3n tr\u1ef1c tuy\u1ebfn t\u1ea1i C\u00f4ng ty Ch\u1ee9ng kho\u00e1n VPS. M\u1ed9t s\u1ed1 \u01b0u \u0111i\u1ec3m khi m\u1edf t\u00e0i kho\u1ea3n ch\u1ee9ng kho\u00e1n VPS: M\u1edf t\u00e0i kho\u1ea3n online, kh\u00f4ng c\u1ea7n qua v\u0103n ph\u00f2ng VPS Mi\u1ec5n ph\u00ed m\u1edf t\u00e0i kho\u1ea3n ch\u1ee9ng kho\u00e1n Ph\u00ed giao d\u1ecbch ch\u1ee9ng kho\u00e1n [&hellip;]<\/p>\n","protected":false},"author":1,"featured_media":0,"parent":0,"menu_order":0,"comment_status":"closed","ping_status":"closed","template":"","meta":[],"_links":{"self":[{"href":"https:\/\/proinvestors.vn\/index.php\/wp-json\/wp\/v2\/pages\/111"}],"collection":[{"href":"https:\/\/proinvestors.vn\/index.php\/wp-json\/wp\/v2\/pages"}],"about":[{"href":"https:\/\/proinvestors.vn\/index.php\/wp-json\/wp\/v2\/types\/page"}],"author":[{"embeddable":true,"href":"https:\/\/proinvestors.vn\/index.php\/wp-json\/wp\/v2\/users\/1"}],"replies":[{"embeddable":true,"href":"https:\/\/proinvestors.vn\/index.php\/wp-json\/wp\/v2\/comments?post=111"}],"version-history":[{"count":7,"href":"https:\/\/proinvestors.vn\/index.php\/wp-json\/wp\/v2\/pages\/111\/revisions"}],"predecessor-version":[{"id":143,"href":"https:\/\/proinvestors.vn\/index.php\/wp-json\/wp\/v2\/pages\/111\/revisions\/143"}],"wp:attachment":[{"href":"https:\/\/proinvestors.vn\/index.php\/wp-json\/wp\/v2\/media?parent=111"}],"curies":[{"name":"wp","href":"https:\/\/api.w.org\/{rel}","templated":true}]}}